{"id":21,"date":"2012-01-22T08:08:14","date_gmt":"2012-01-22T08:08:14","guid":{"rendered":"http:\/\/inorbitracing.se\/?page_id=21"},"modified":"2012-02-28T11:46:25","modified_gmt":"2012-02-28T10:46:25","slug":"om-mig","status":"publish","type":"page","link":"http:\/\/inorbitracing.se\/?page_id=21","title":{"rendered":"Om In Orbit Racing"},"content":{"rendered":"<p><strong>Det \u00e4r jag som \u00e4r Henrik #13R600 Andersson<\/strong><\/p>\n<p><a href=\"http:\/\/inorbitracing.se\/wp-content\/uploads\/2012\/01\/img-2695.jpg\"><img loading=\"lazy\" class=\"alignnone size-full wp-image-10\" title=\"img-2695\" src=\"http:\/\/inorbitracing.se\/wp-content\/uploads\/2012\/01\/img-2695.jpg\" alt=\"\" width=\"400\" height=\"267\" srcset=\"http:\/\/inorbitracing.se\/wp-content\/uploads\/2012\/01\/img-2695.jpg 400w, http:\/\/inorbitracing.se\/wp-content\/uploads\/2012\/01\/img-2695-300x200.jpg 300w\" sizes=\"(max-width: 400px) 100vw, 400px\" \/><\/a><\/p>\n<p>Tog hojkort h\u00f6sten 2006 och k\u00f6rde bara p\u00e5 gata till h\u00f6sten 2008 d\u00e5\u00a0jag anm\u00e4lde mig till\u00a0en<\/p>\n<p>trafiks\u00e4kerhetskurs med SMC p\u00e5\u00a0geller\u00e5sen och uppt\u00e4ckte n\u00e5got nytt, det \u00e4r p\u00e5 bana man ska k\u00f6ra!<\/p>\n<p><!--more--><\/p>\n<p>K\u00f6rde ett par kurser p\u00e5 v\u00e5ren 2009 tillsammans med mycket gat\u00e5kning,sen \u00e5kte jag<\/p>\n<p>till Kemora-banan,Finland f\u00f6r en 4-dagarskurs med SMC,efter det var mina dagar som<\/p>\n<p>gat\u00e5kare \u00f6ver och ban\u00e5kning tog vid.<\/p>\n<p>&nbsp;<\/p>\n<p><a href=\"http:\/\/inorbitracing.se\/wp-content\/uploads\/2012\/01\/IMG_1331.jpg\"><img loading=\"lazy\" class=\"alignnone size-medium wp-image-204\" title=\"IMG_1331\" src=\"http:\/\/inorbitracing.se\/wp-content\/uploads\/2012\/01\/IMG_1331-300x225.jpg\" alt=\"\" width=\"300\" height=\"225\" srcset=\"http:\/\/inorbitracing.se\/wp-content\/uploads\/2012\/01\/IMG_1331-300x225.jpg 300w, http:\/\/inorbitracing.se\/wp-content\/uploads\/2012\/01\/IMG_1331-1024x768.jpg 1024w\" sizes=\"(max-width: 300px) 100vw, 300px\" \/><\/a><\/p>\n<p>&nbsp;<\/p>\n<p>2010 bes\u00e4mde jag mig f\u00f6r att testa vad snabb jag kunde bli och k\u00f6rde allt jag hann med,k\u00e4nde<\/p>\n<p>efter ett tag att n\u00e5got fattades&#8230; &#8230;vad det var uppt\u00e4ckte jag p\u00e5 licenskursen&#8230; &#8230;RACE!<\/p>\n<p>Efter licenskursen var min m\u00e5ls\u00e4ttning klar, 2011 skulle det bli racedebut i n\u00e5gon form<\/p>\n<p>om jag k\u00e4nde mig s\u00e4ker och snabb nog.<\/p>\n<p>&nbsp;<\/p>\n<p>Under vinters\u00e4songen -10 s\u00e5 presenterades en ny raceform,ERF-sprint,\u00f6ppet f\u00f6r alla med licens<\/p>\n<p>och oavsett hoj bara den uppfyller s\u00e4kerhetsreglementet.<\/p>\n<p>Uppdelat i 2 klasser,\u00f6ver\/under600\u00a0med fri trimning d\u00e4r alla k\u00f6r samtidigt men<\/p>\n<p>med delad resultatlista,ingen utkvalning heller s\u00e5 alla anm\u00e4lda f\u00e5r starta.<\/p>\n<p>&nbsp;<\/p>\n<p>Detta l\u00e4t som en bra ing\u00e5ng i racingv\u00e4rlden f\u00f6r mig s\u00e5 m\u00e5let var nu satt,Anderstorp 29\/5-11!<\/p>\n<p>&nbsp;<\/p>\n<p><strong>Min racedebut p\u00e5 Anderstorp maj 2011, ERF-Sprint.<\/strong><\/p>\n<p><img loading=\"lazy\" class=\"alignnone size-full wp-image-11\" title=\"img-2876\" src=\"http:\/\/inorbitracing.se\/wp-content\/uploads\/2012\/01\/img-2876.jpg\" alt=\"\" width=\"400\" height=\"267\" srcset=\"http:\/\/inorbitracing.se\/wp-content\/uploads\/2012\/01\/img-2876.jpg 400w, http:\/\/inorbitracing.se\/wp-content\/uploads\/2012\/01\/img-2876-300x200.jpg 300w\" sizes=\"(max-width: 400px) 100vw, 400px\" \/><\/p>\n<p>Nu gick det s\u00e5d\u00e4r, punka i f\u00f6rsta racet och fick bryta och andra racet fastnade jag bakom en<\/p>\n<p>1000cc\u00a0och n\u00e4r jag v\u00e4l kom om s\u00e5 var jag helt ensam s\u00e5 jag k\u00f6rde bara i m\u00e5l f\u00f6r att \u00e5tminstone<\/p>\n<p>tagit flaggan en g\u00e5ng i min debut. Tyv\u00e4rr s\u00e5 tog jag det lite F\u00d6R lugnt och tappade en plats i sista b\u00f6j!<\/p>\n<p>&nbsp;<\/p>\n<p><a href=\"http:\/\/inorbitracing.se\/?attachment_id=480\" rel=\"attachment wp-att-480\"><img loading=\"lazy\" class=\"alignnone size-medium wp-image-480\" title=\"DSC00300\" src=\"http:\/\/inorbitracing.se\/wp-content\/uploads\/2012\/02\/DSC00300-450x337.jpg\" alt=\"\" width=\"450\" height=\"337\" srcset=\"http:\/\/inorbitracing.se\/wp-content\/uploads\/2012\/02\/DSC00300-450x337.jpg 450w, http:\/\/inorbitracing.se\/wp-content\/uploads\/2012\/02\/DSC00300-1024x768.jpg 1024w\" sizes=\"(max-width: 450px) 100vw, 450px\" \/><\/a><\/p>\n<p>&nbsp;<\/p>\n<p>N\u00e5ja, debuten avklarad och nu visste jag vad jag var tvungen att sikta mot.<\/p>\n<p>Det \u00e4r detta livet g\u00e5r ut p\u00e5,resten \u00e4r bara v\u00e4ntan&#8230;.<\/p>\n","protected":false},"excerpt":{"rendered":"<p>Det \u00e4r jag som \u00e4r Henrik #13R600 Andersson Tog hojkort h\u00f6sten 2006 och k\u00f6rde bara p\u00e5 gata till h\u00f6sten 2008 d\u00e5\u00a0jag anm\u00e4lde mig till\u00a0en trafiks\u00e4kerhetskurs med SMC p\u00e5\u00a0geller\u00e5sen och uppt\u00e4ckte n\u00e5got nytt, det \u00e4r p\u00e5 bana man ska k\u00f6ra!<\/p>\n","protected":false},"author":2,"featured_media":10,"parent":0,"menu_order":0,"comment_status":"open","ping_status":"open","template":"","meta":[],"_links":{"self":[{"href":"http:\/\/inorbitracing.se\/index.php?rest_route=\/wp\/v2\/pages\/21"}],"collection":[{"href":"http:\/\/inorbitracing.se\/index.php?rest_route=\/wp\/v2\/pages"}],"about":[{"href":"http:\/\/inorbitracing.se\/index.php?rest_route=\/wp\/v2\/types\/page"}],"author":[{"embeddable":true,"href":"http:\/\/inorbitracing.se\/index.php?rest_route=\/wp\/v2\/users\/2"}],"replies":[{"embeddable":true,"href":"http:\/\/inorbitracing.se\/index.php?rest_route=%2Fwp%2Fv2%2Fcomments&post=21"}],"version-history":[{"count":30,"href":"http:\/\/inorbitracing.se\/index.php?rest_route=\/wp\/v2\/pages\/21\/revisions"}],"predecessor-version":[{"id":515,"href":"http:\/\/inorbitracing.se\/index.php?rest_route=\/wp\/v2\/pages\/21\/revisions\/515"}],"wp:featuredmedia":[{"embeddable":true,"href":"http:\/\/inorbitracing.se\/index.php?rest_route=\/wp\/v2\/media\/10"}],"wp:attachment":[{"href":"http:\/\/inorbitracing.se\/index.php?rest_route=%2Fwp%2Fv2%2Fmedia&parent=21"}],"curies":[{"name":"wp","href":"https:\/\/api.w.org\/{rel}","templated":true}]}}