{"id":170,"date":"2012-01-24T13:09:37","date_gmt":"2012-01-24T12:09:37","guid":{"rendered":"http:\/\/inorbitracing.se\/?page_id=170"},"modified":"2012-03-20T11:55:58","modified_gmt":"2012-03-20T10:55:58","slug":"kalender-2012","status":"publish","type":"page","link":"http:\/\/inorbitracing.se\/?page_id=170","title":{"rendered":"Kalender"},"content":{"rendered":"<p><code><code>T\u00e4vlingskalendern b\u00f6rjar se klar ut, de datum som <a title=\"Kalender\" href=\"http:\/\/www.svemo.se\/sv\/Grenar\/Roadracing\/Tavling\/Tavlingskalender\/\" target=\"_blank\">svemo<\/a> lagt ut <\/code><\/code><\/p>\n<p><code><code>nu \u00e4r dessa.<\/code><\/code><\/p>\n<p><code><code><\/code><\/code>\u00a0<\/p>\n<p><code><code>2012-04-28 - 2012-04-29 <a title=\"Anderstorp\" href=\"http:\/\/anderstorpraceway.net\/?page_id=37\" target=\"_blank\">Anderstorp<\/a><br \/>\n2012-05-19 - 2012-05-20 <a title=\"Falkenberg\" href=\"http:\/\/www.falkenbergsmotorklubb.nu\/index.php\" target=\"_blank\">Falkenberg<\/a><br \/>\n2012-06-02 - 2012-06-02 <a title=\"Knutstorp\" href=\"http:\/\/www.ringknutstorp.com\/Kalendarium1.php\" target=\"_blank\">Knutstorp<\/a><br \/>\n2012-06-16 - 2012-06-17 <a title=\"Link\u00f6ping\" href=\"http:\/\/www.lmsroadracing.se\/taevlingskalender\" target=\"_blank\">Link\u00f6ping<\/a><br \/>\n2012-07-21 - 2012-07-22 <a title=\"Geller\u00e5sen\" href=\"http:\/\/www.karlskogamotorstadion.com\/calendar.aspx?year=2012&amp;month=7&amp;day=1\" target=\"_blank\">Karlskoga<\/a><br \/>\n2012-07-28 - 2012-07-29 <a title=\"Geller\u00e5sen\" href=\"http:\/\/www.karlskogamotorstadion.com\/calendar.aspx?year=2012&amp;month=7&amp;day=1\" target=\"_blank\">Karlskoga<\/a><br \/>\n2012-09-08 - 2012-09-09 <a title=\"Geller\u00e5sen\" href=\"http:\/\/www.karlskogamotorstadion.com\/calendar.aspx?year=2012&amp;month=9&amp;day=1\" target=\"_blank\">Karlskoga<\/a><\/code><\/code><\/p>\n<p><code><code><\/code><\/code>\u00a0<\/p>\n<p><code><code>Knutstorp k\u00e4nns os\u00e4kert med ett datum, kan vara tryckfel och det ska vara<\/code><\/code><\/p>\n<p><code><code>dubbelrace den helgen med, ska kolla upp och \u00e4ndrar isf.<\/code><\/code><\/p>\n<p><code><code><\/code><\/code>\u00a0<\/p>\n<p><code><code><\/code><\/code>\u00a0<\/p>\n<p><code><code>Planerade och bokade t\u00e4vlingar,tr\u00e4ningsl\u00e4ger och bandagar 2012<\/code><\/code><\/p>\n<p><code><code>Klicka p\u00e5 markerade dagar f\u00f6r mer info.<\/code><\/code><\/p>\n<p><code><code>\r\n<div id=\"mc-eebc9a21598585f5d8bea2ab08144d58\" class=\"mc-main mcjs listjs gridjs minijs  calendar month mc-eebc9a21598585f5d8bea2ab08144d58\" aria-live='assertive' aria-atomic='true' aria-relevant='additions'><div class=\"my-calendar-header\">\r\n\t\t<div class=\"my-calendar-nav\">\r\n\t\t\t<ul>\r\n\t\t\t\t<li class=\"my-calendar-prev\"><a href=\"http:\/\/inorbitracing.se\/?page_id=170&#038;rest_route=\/wp\/v2\/pages\/170&#038;yr=2026&#038;month=4&#038;dy&#038;cid=mc-eebc9a21598585f5d8bea2ab08144d58\" rel=\"nofollow\" class=\"mcajax\">F\u00f6reg\u00e5ende<\/a><\/li><li class=\"my-calendar-next\"><a href=\"http:\/\/inorbitracing.se\/?page_id=170&#038;rest_route=\/wp\/v2\/pages\/170&#038;yr=2026&#038;month=6&#038;dy&#038;cid=mc-eebc9a21598585f5d8bea2ab08144d58\" rel=\"nofollow\" class=\"mcajax\">N\u00e4sta<\/a><\/li>\r\n\t\t\t<\/ul>\r\n\t\t<\/div><div class='mc-format'><a href='http:\/\/inorbitracing.se\/?page_id=170&#038;rest_route=\/wp\/v2\/pages\/170&#038;format=list' class='list mcajax'><span class=\"maybe-hide\">View as <\/span>List<\/a><\/div><div class=\"my-calendar-date-switcher\"><form action=\"http:\/\/inorbitracing.se\" method=\"get\"><div><input type=\"hidden\" name=\"cid\" value=\"mc-eebc9a21598585f5d8bea2ab08144d58\" \/><input type=\"hidden\" name=\"rest_route\" value=\"\/wp\/v2\/pages\/170\" \/> <label class=\"maybe-hide\" for=\"mc-eebc9a21598585f5d8bea2ab08144d58-month\">Month<\/label> <select id=\"mc-eebc9a21598585f5d8bea2ab08144d58-month\" name=\"month\">\n<option value='1'>January<\/option>\n<option value='2'>February<\/option>\n<option value='3'>March<\/option>\n<option value='4'>April<\/option>\n<option value='5' selected='selected'>May<\/option>\n<option value='6'>June<\/option>\n<option value='7'>July<\/option>\n<option value='8'>August<\/option>\n<option value='9'>September<\/option>\n<option value='10'>October<\/option>\n<option value='11'>November<\/option>\n<option value='12'>December<\/option>\n<\/select>\n <label class=\"maybe-hide\" for=\"mc-eebc9a21598585f5d8bea2ab08144d58-year\">Year<\/label> <select id=\"mc-eebc9a21598585f5d8bea2ab08144d58-year\" name=\"yr\">\n<option value=\"2012\">2012<\/option>\n<option value=\"2013\">2013<\/option>\n<option value=\"2014\">2014<\/option>\n<option value=\"2015\">2015<\/option>\n<option value=\"2016\">2016<\/option>\n<option value=\"2017\">2017<\/option>\n<option value=\"2018\">2018<\/option>\n<option value=\"2019\">2019<\/option>\n<option value=\"2020\">2020<\/option>\n<option value=\"2021\">2021<\/option>\n<option value=\"2022\">2022<\/option>\n<option value=\"2023\">2023<\/option>\n<option value=\"2024\">2024<\/option>\n<option value=\"2025\">2025<\/option>\n<option value=\"2026\" selected='selected'>2026<\/option>\n<option value=\"2027\">2027<\/option>\n<option value=\"2028\">2028<\/option>\n<option value=\"2029\">2029<\/option>\n<option value=\"2030\">2030<\/option>\n<\/select> <input type=\"submit\" class=\"button\" value=\"Go\" \/><\/div><\/form><\/div><div class='mc-print'><a href='http:\/\/inorbitracing.se?rest_route=\/wp\/v2\/pages\/170&#038;time=month&#038;yr=2026&#038;month=05&#038;dy=1&#038;href=http%3A%2F%2Finorbitracing.se&#038;cid=mc-print-view'>Print<span class=\"maybe-hide\"> View<\/span><\/a><\/div><div class='mc-time'><span class='mc-active month'>Month<\/span><a href='http:\/\/inorbitracing.se\/?page_id=170&#038;rest_route=\/wp\/v2\/pages\/170&#038;time=week&#038;dy=11&#038;month=05' class='week mcajax'>Week<\/a><a href='http:\/\/inorbitracing.se\/?page_id=170&#038;rest_route=\/wp\/v2\/pages\/170&#038;time=day' class='day mcajax'>Day<\/a><\/div><\/div>\n<table class=\"my-calendar-table\">\n<caption class=\"heading my-calendar-month\">May 2026 <\/caption>\n<thead>\n\t<tr class='mc-row'>\n\t\t<th scope=\"col\" class='day-heading mon'><abbr title=\"Monday\" aria-hidden=\"true\">Mon<\/abbr><span class=\"screen-reader-text\">Monday<\/span><\/th>\n\t\t<th scope=\"col\" class='day-heading tues'><abbr title=\"Tuesday\" aria-hidden=\"true\">Tue<\/abbr><span class=\"screen-reader-text\">Tuesday<\/span><\/th>\n\t\t<th scope=\"col\" class='day-heading wed'><abbr title=\"Wednesday\" aria-hidden=\"true\">Wed<\/abbr><span class=\"screen-reader-text\">Wednesday<\/span><\/th>\n\t\t<th scope=\"col\" class='day-heading thur'><abbr title=\"Thursday\" aria-hidden=\"true\">Thu<\/abbr><span class=\"screen-reader-text\">Thursday<\/span><\/th>\n\t\t<th scope=\"col\" class='day-heading fri'><abbr title=\"Friday\" aria-hidden=\"true\">Fri<\/abbr><span class=\"screen-reader-text\">Friday<\/span><\/th>\n\t\t<th scope=\"col\" class='weekend-heading sat'><abbr title=\"Saturday\" aria-hidden=\"true\">Sat<\/abbr><span class=\"screen-reader-text\">Saturday<\/span><\/th>\n\t\t<th scope=\"col\" class='weekend-heading sun'><abbr title=\"Sunday\" aria-hidden=\"true\">Sun<\/abbr><span class=\"screen-reader-text\">Sunday<\/span><\/th>\n\t<\/tr>\n<\/thead>\n<tbody>\n<tr class='mc-row'><td class='no-events monday mon past-day past-date  nextmonth no-events day-with-date'><span class='mc-date no-events'><span aria-hidden='true'>27<\/span><span class='screen-reader-text'>2026-04-27<\/span><\/span>\n<\/td>\n<td class='no-events tuesday tue past-day past-date  nextmonth no-events day-with-date'><span class='mc-date no-events'><span aria-hidden='true'>28<\/span><span class='screen-reader-text'>2026-04-28<\/span><\/span>\n<\/td>\n<td class='no-events wednesday wed past-day past-date  nextmonth no-events day-with-date'><span class='mc-date no-events'><span aria-hidden='true'>29<\/span><span class='screen-reader-text'>2026-04-29<\/span><\/span>\n<\/td>\n<td class='no-events thursday thu past-day past-date  nextmonth no-events day-with-date'><span class='mc-date no-events'><span aria-hidden='true'>30<\/span><span class='screen-reader-text'>2026-04-30<\/span><\/span>\n<\/td>\n<td class='no-events friday fri past-day past-date   no-events day-with-date'><span class='mc-date no-events'><span aria-hidden='true'>1<\/span><span class='screen-reader-text'>2026-05-01<\/span><\/span>\n<\/td>\n<td class='no-events saturday sat past-day past-date weekend  no-events day-with-date'><span class='mc-date no-events'><span aria-hidden='true'>2<\/span><span class='screen-reader-text'>2026-05-02<\/span><\/span>\n<\/td>\n<td class='no-events sunday sun past-day past-date weekend  no-events day-with-date'><span class='mc-date no-events'><span aria-hidden='true'>3<\/span><span class='screen-reader-text'>2026-05-03<\/span><\/span>\n<\/td>\n<\/tr>\n<!-- End Event Row -->\n<tr class='mc-row'><td class='no-events monday mon past-day past-date   no-events day-with-date'><span class='mc-date no-events'><span aria-hidden='true'>4<\/span><span class='screen-reader-text'>2026-05-04<\/span><\/span>\n<\/td>\n<td class='no-events tuesday tue past-day past-date   no-events day-with-date'><span class='mc-date no-events'><span aria-hidden='true'>5<\/span><span class='screen-reader-text'>2026-05-05<\/span><\/span>\n<\/td>\n<td class='no-events wednesday wed past-day past-date   no-events day-with-date'><span class='mc-date no-events'><span aria-hidden='true'>6<\/span><span class='screen-reader-text'>2026-05-06<\/span><\/span>\n<\/td>\n<td class='no-events thursday thu past-day past-date   no-events day-with-date'><span class='mc-date no-events'><span aria-hidden='true'>7<\/span><span class='screen-reader-text'>2026-05-07<\/span><\/span>\n<\/td>\n<td class='no-events friday fri past-day past-date   no-events day-with-date'><span class='mc-date no-events'><span aria-hidden='true'>8<\/span><span class='screen-reader-text'>2026-05-08<\/span><\/span>\n<\/td>\n<td class='no-events saturday sat past-day past-date weekend  no-events day-with-date'><span class='mc-date no-events'><span aria-hidden='true'>9<\/span><span class='screen-reader-text'>2026-05-09<\/span><\/span>\n<\/td>\n<td class='no-events sunday sun past-day past-date weekend  no-events day-with-date'><span class='mc-date no-events'><span aria-hidden='true'>10<\/span><span class='screen-reader-text'>2026-05-10<\/span><\/span>\n<\/td>\n<\/tr>\n<!-- End Event Row -->\n<tr class='mc-row'><td class='no-events monday mon past-day past-date   no-events day-with-date'><span class='mc-date no-events'><span aria-hidden='true'>11<\/span><span class='screen-reader-text'>2026-05-11<\/span><\/span>\n<\/td>\n<td class='no-events tuesday tue past-day past-date   no-events day-with-date'><span class='mc-date no-events'><span aria-hidden='true'>12<\/span><span class='screen-reader-text'>2026-05-12<\/span><\/span>\n<\/td>\n<td class='no-events wednesday wed past-day past-date   no-events day-with-date'><span class='mc-date no-events'><span aria-hidden='true'>13<\/span><span class='screen-reader-text'>2026-05-13<\/span><\/span>\n<\/td>\n<td aria-current=\"date\" class='no-events thursday thu current-day   no-events day-with-date'><span class='mc-date no-events'><span aria-hidden='true'>14<\/span><span class='screen-reader-text'>2026-05-14<\/span><\/span>\n<\/td>\n<td class='no-events friday fri future-day   no-events day-with-date'><span class='mc-date no-events'><span aria-hidden='true'>15<\/span><span class='screen-reader-text'>2026-05-15<\/span><\/span>\n<\/td>\n<td class='no-events saturday sat future-day weekend  no-events day-with-date'><span class='mc-date no-events'><span aria-hidden='true'>16<\/span><span class='screen-reader-text'>2026-05-16<\/span><\/span>\n<\/td>\n<td class='no-events sunday sun future-day weekend  no-events day-with-date'><span class='mc-date no-events'><span aria-hidden='true'>17<\/span><span class='screen-reader-text'>2026-05-17<\/span><\/span>\n<\/td>\n<\/tr>\n<!-- End Event Row -->\n<tr class='mc-row'><td class='no-events monday mon future-day   no-events day-with-date'><span class='mc-date no-events'><span aria-hidden='true'>18<\/span><span class='screen-reader-text'>2026-05-18<\/span><\/span>\n<\/td>\n<td class='no-events tuesday tue future-day   no-events day-with-date'><span class='mc-date no-events'><span aria-hidden='true'>19<\/span><span class='screen-reader-text'>2026-05-19<\/span><\/span>\n<\/td>\n<td class='no-events wednesday wed future-day   no-events day-with-date'><span class='mc-date no-events'><span aria-hidden='true'>20<\/span><span class='screen-reader-text'>2026-05-20<\/span><\/span>\n<\/td>\n<td class='no-events thursday thu future-day   no-events day-with-date'><span class='mc-date no-events'><span aria-hidden='true'>21<\/span><span class='screen-reader-text'>2026-05-21<\/span><\/span>\n<\/td>\n<td class='no-events friday fri future-day   no-events day-with-date'><span class='mc-date no-events'><span aria-hidden='true'>22<\/span><span class='screen-reader-text'>2026-05-22<\/span><\/span>\n<\/td>\n<td class='no-events saturday sat future-day weekend  no-events day-with-date'><span class='mc-date no-events'><span aria-hidden='true'>23<\/span><span class='screen-reader-text'>2026-05-23<\/span><\/span>\n<\/td>\n<td class='no-events sunday sun future-day weekend  no-events day-with-date'><span class='mc-date no-events'><span aria-hidden='true'>24<\/span><span class='screen-reader-text'>2026-05-24<\/span><\/span>\n<\/td>\n<\/tr>\n<!-- End Event Row -->\n<tr class='mc-row'><td class='no-events monday mon future-day   no-events day-with-date'><span class='mc-date no-events'><span aria-hidden='true'>25<\/span><span class='screen-reader-text'>2026-05-25<\/span><\/span>\n<\/td>\n<td class='no-events tuesday tue future-day   no-events day-with-date'><span class='mc-date no-events'><span aria-hidden='true'>26<\/span><span class='screen-reader-text'>2026-05-26<\/span><\/span>\n<\/td>\n<td class='no-events wednesday wed future-day   no-events day-with-date'><span class='mc-date no-events'><span aria-hidden='true'>27<\/span><span class='screen-reader-text'>2026-05-27<\/span><\/span>\n<\/td>\n<td class='no-events thursday thu future-day   no-events day-with-date'><span class='mc-date no-events'><span aria-hidden='true'>28<\/span><span class='screen-reader-text'>2026-05-28<\/span><\/span>\n<\/td>\n<td class='no-events friday fri future-day   no-events day-with-date'><span class='mc-date no-events'><span aria-hidden='true'>29<\/span><span class='screen-reader-text'>2026-05-29<\/span><\/span>\n<\/td>\n<td class='no-events saturday sat future-day weekend  no-events day-with-date'><span class='mc-date no-events'><span aria-hidden='true'>30<\/span><span class='screen-reader-text'>2026-05-30<\/span><\/span>\n<\/td>\n<td class='no-events sunday sun future-day weekend  no-events day-with-date'><span class='mc-date no-events'><span aria-hidden='true'>31<\/span><span class='screen-reader-text'>2026-05-31<\/span><\/span>\n<\/td>\n<\/tr>\n<!-- End Event Row -->\n\n<\/tbody>\n<\/table><div class='mc_bottomnav my-calendar-footer'><div class=\"category-key\"><h3>Categories<\/h3>\n<ul>\n<li class=\"cat_bandag\"><a href=\"http:\/\/inorbitracing.se\/?page_id=170&#038;rest_route=\/wp\/v2\/pages\/170&#038;mcat=4\" class=\"mcajax\"><span class=\"category-color-sample\"><img src=\"http:\/\/inorbitracing.se\/wp-content\/plugins\/my-calendar\/images\/icons\/party.png\" alt=\"\" style=\"background:#;\" \/><\/span>Bandag<\/a><\/li><li class=\"cat_general\"><a href=\"http:\/\/inorbitracing.se\/?page_id=170&#038;rest_route=\/wp\/v2\/pages\/170&#038;mcat=1\" class=\"mcajax\"><span class=\"category-color-sample\"><img src=\"http:\/\/inorbitracing.se\/wp-content\/plugins\/my-calendar\/images\/icons\/event.png\" alt=\"\" style=\"background:#ffffff;\" \/><\/span>General<\/a><\/li><li class=\"cat_race\"><a href=\"http:\/\/inorbitracing.se\/?page_id=170&#038;rest_route=\/wp\/v2\/pages\/170&#038;mcat=3\" class=\"mcajax\"><span class=\"category-color-sample\"><img src=\"http:\/\/inorbitracing.se\/wp-content\/plugins\/my-calendar\/images\/icons\/games.png\" alt=\"\" style=\"background:#;\" \/><\/span>Race<\/a><\/li><li class=\"cat_trning\"><a href=\"http:\/\/inorbitracing.se\/?page_id=170&#038;rest_route=\/wp\/v2\/pages\/170&#038;mcat=2\" class=\"mcajax\"><span class=\"category-color-sample\"><img src=\"http:\/\/inorbitracing.se\/wp-content\/plugins\/my-calendar\/images\/icons\/rehearsal.png\" alt=\"\" style=\"background:#;\" \/><\/span>Tr\u00e4ning<\/a><\/li><\/ul><\/div><div class='mc-export mc-subscribe'>\r\n\t<ul><li class='rss'><a href='http:\/\/inorbitracing.se\/?feed=my-calendar-rss'>RSS<\/a><\/li><li class='ics google'><a href='http:\/\/inorbitracing.se\/?feed=my-calendar-google'><span class=\"maybe-hide\">Subscribe in <\/span>Google<\/a><\/li><li class='ics outlook'><a href='http:\/\/inorbitracing.se\/?feed=my-calendar-outlook'><span class=\"maybe-hide\">Subscribe in <\/span>Outlook<\/a><\/li><\/ul>\r\n<\/div><\/div>\r\n<\/div><\/code><\/code><\/p>\n<p>&nbsp;<\/p>\n<p><code><code>[wp_dmsguestbook]<\/code><\/code><\/p>\n<p>&nbsp;<\/p>\n<p><code><code><\/code>\u00a0<\/code><\/p>\n","protected":false},"excerpt":{"rendered":"<p>T\u00e4vlingskalendern b\u00f6rjar se klar ut, de datum som svemo lagt ut nu \u00e4r dessa. \u00a0 2012-04-28 &#8211; 2012-04-29 Anderstorp 2012-05-19 &#8211; 2012-05-20 Falkenberg 2012-06-02 &#8211; 2012-06-02 Knutstorp 2012-06-16 &#8211; 2012-06-17 Link\u00f6ping 2012-07-21 &#8211; 2012-07-22 Karlskoga 2012-07-28 &#8211; 2012-07-29 Karlskoga 2012-09-08 &#8211; 2012-09-09 Karlskoga \u00a0 Knutstorp k\u00e4nns os\u00e4kert med ett datum, kan vara tryckfel och det [&hellip;]<\/p>\n","protected":false},"author":2,"featured_media":0,"parent":0,"menu_order":0,"comment_status":"open","ping_status":"open","template":"","meta":[],"_links":{"self":[{"href":"http:\/\/inorbitracing.se\/index.php?rest_route=\/wp\/v2\/pages\/170"}],"collection":[{"href":"http:\/\/inorbitracing.se\/index.php?rest_route=\/wp\/v2\/pages"}],"about":[{"href":"http:\/\/inorbitracing.se\/index.php?rest_route=\/wp\/v2\/types\/page"}],"author":[{"embeddable":true,"href":"http:\/\/inorbitracing.se\/index.php?rest_route=\/wp\/v2\/users\/2"}],"replies":[{"embeddable":true,"href":"http:\/\/inorbitracing.se\/index.php?rest_route=%2Fwp%2Fv2%2Fcomments&post=170"}],"version-history":[{"count":12,"href":"http:\/\/inorbitracing.se\/index.php?rest_route=\/wp\/v2\/pages\/170\/revisions"}],"predecessor-version":[{"id":557,"href":"http:\/\/inorbitracing.se\/index.php?rest_route=\/wp\/v2\/pages\/170\/revisions\/557"}],"wp:attachment":[{"href":"http:\/\/inorbitracing.se\/index.php?rest_route=%2Fwp%2Fv2%2Fmedia&parent=170"}],"curies":[{"name":"wp","href":"https:\/\/api.w.org\/{rel}","templated":true}]}}